{"id":287,"date":"2022-05-08T16:48:25","date_gmt":"2022-05-08T14:48:25","guid":{"rendered":"https:\/\/rosoft.andersen.spm.systems\/professionals\/dr-ales-ahcan\/"},"modified":"2025-02-24T22:39:07","modified_gmt":"2025-02-24T21:39:07","slug":"dr-ales-ahcan","status":"publish","type":"page","link":"https:\/\/rs.andersen.com\/en\/professionals\/dr-ales-ahcan\/","title":{"rendered":"Ale\u0161 Ah\u010dan, PhD"},"content":{"rendered":"\n<p>Ale\u0161 is an expert in the field of finance and transactions.<\/p>\n\n\n\n<p>Ale\u0161 is a full professor of quantitative finance and actuarial science at the Faculty of Economics in Ljubljana and a consultant in finance and risk management. Ale\u0161 has many years of experience in various industry segments and the public sector.<\/p>\n\n\n\n<p>In his career, he has led or participated in more than 100 projects in corporate finance, energy, risk management, banking, and insurance. He has led several companies in the fields of insurance and finance. He headed the FAS department in Grant Thornton and Crowe Horwath, Slovenia.<\/p>\n","protected":false},"excerpt":{"rendered":"<p>Ale\u0161 is an expert in the field of finance and transactions. Ale\u0161 is a full professor of quantitative finance and&hellip;<\/p>\n","protected":false},"author":1,"featured_media":628,"parent":256,"menu_order":5,"comment_status":"closed","ping_status":"closed","template":"template-person.php","meta":{"footnotes":""},"class_list":["post-287","page","type-page","status-publish","has-post-thumbnail","hentry"],"yoast_head":"<!-- This site is optimized with the Yoast SEO plugin v27.4 - https:\/\/yoast.com\/product\/yoast-seo-wordpress\/ -->\n<title>Ale\u0161 Ah\u010dan, PhD &#187; Andersen Serbia<\/title>\n<meta name=\"robots\" content=\"index, follow, max-snippet:-1, max-image-preview:large, max-video-preview:-1\" \/>\n<link rel=\"canonical\" href=\"https:\/\/rs.andersen.com\/en\/professionals\/dr-ales-ahcan\/\" \/>\n<meta property=\"og:locale\" content=\"en_US\" \/>\n<meta property=\"og:type\" content=\"article\" \/>\n<meta property=\"og:title\" content=\"Ale\u0161 Ah\u010dan, PhD &#187; Andersen Serbia\" \/>\n<meta property=\"og:description\" content=\"Ale\u0161 is an expert in the field of finance and transactions. Ale\u0161 is a full professor of quantitative finance and&hellip;\" \/>\n<meta property=\"og:url\" content=\"https:\/\/rs.andersen.com\/en\/professionals\/dr-ales-ahcan\/\" \/>\n<meta property=\"og:site_name\" content=\"Andersen Serbia\" \/>\n<meta property=\"article:modified_time\" content=\"2025-02-24T21:39:07+00:00\" \/>\n<meta property=\"og:image\" content=\"https:\/\/rs.andersen.com\/wp-content\/uploads\/2022\/07\/andersen_ales_ahcan.jpg\" \/>\n\t<meta property=\"og:image:width\" content=\"556\" \/>\n\t<meta property=\"og:image:height\" content=\"260\" \/>\n\t<meta property=\"og:image:type\" content=\"image\/jpeg\" \/>\n<meta name=\"twitter:card\" content=\"summary_large_image\" \/>\n<meta name=\"twitter:label1\" content=\"Est. reading time\" \/>\n\t<meta name=\"twitter:data1\" content=\"1 minute\" \/>\n<script type=\"application\/ld+json\" class=\"yoast-schema-graph\">{\"@context\":\"https:\\\/\\\/schema.org\",\"@graph\":[{\"@type\":\"WebPage\",\"@id\":\"https:\\\/\\\/rs.andersen.com\\\/en\\\/professionals\\\/dr-ales-ahcan\\\/\",\"url\":\"https:\\\/\\\/rs.andersen.com\\\/en\\\/professionals\\\/dr-ales-ahcan\\\/\",\"name\":\"Ale\u0161 Ah\u010dan, PhD &#187; Andersen Serbia\",\"isPartOf\":{\"@id\":\"https:\\\/\\\/rs.andersen.com\\\/en\\\/#website\"},\"primaryImageOfPage\":{\"@id\":\"https:\\\/\\\/rs.andersen.com\\\/en\\\/professionals\\\/dr-ales-ahcan\\\/#primaryimage\"},\"image\":{\"@id\":\"https:\\\/\\\/rs.andersen.com\\\/en\\\/professionals\\\/dr-ales-ahcan\\\/#primaryimage\"},\"thumbnailUrl\":\"https:\\\/\\\/rs.andersen.com\\\/wp-content\\\/uploads\\\/2022\\\/07\\\/andersen_ales_ahcan.jpg\",\"datePublished\":\"2022-05-08T14:48:25+00:00\",\"dateModified\":\"2025-02-24T21:39:07+00:00\",\"breadcrumb\":{\"@id\":\"https:\\\/\\\/rs.andersen.com\\\/en\\\/professionals\\\/dr-ales-ahcan\\\/#breadcrumb\"},\"inLanguage\":\"en-US\",\"potentialAction\":[{\"@type\":\"ReadAction\",\"target\":[\"https:\\\/\\\/rs.andersen.com\\\/en\\\/professionals\\\/dr-ales-ahcan\\\/\"]}]},{\"@type\":\"ImageObject\",\"inLanguage\":\"en-US\",\"@id\":\"https:\\\/\\\/rs.andersen.com\\\/en\\\/professionals\\\/dr-ales-ahcan\\\/#primaryimage\",\"url\":\"https:\\\/\\\/rs.andersen.com\\\/wp-content\\\/uploads\\\/2022\\\/07\\\/andersen_ales_ahcan.jpg\",\"contentUrl\":\"https:\\\/\\\/rs.andersen.com\\\/wp-content\\\/uploads\\\/2022\\\/07\\\/andersen_ales_ahcan.jpg\",\"width\":556,\"height\":260},{\"@type\":\"BreadcrumbList\",\"@id\":\"https:\\\/\\\/rs.andersen.com\\\/en\\\/professionals\\\/dr-ales-ahcan\\\/#breadcrumb\",\"itemListElement\":[{\"@type\":\"ListItem\",\"position\":1,\"name\":\"Home\",\"item\":\"https:\\\/\\\/rs.andersen.com\\\/en\\\/\"},{\"@type\":\"ListItem\",\"position\":2,\"name\":\"Professionals\",\"item\":\"https:\\\/\\\/rs.andersen.com\\\/en\\\/professionals\\\/\"},{\"@type\":\"ListItem\",\"position\":3,\"name\":\"Ale\u0161 Ah\u010dan, PhD\"}]},{\"@type\":\"WebSite\",\"@id\":\"https:\\\/\\\/rs.andersen.com\\\/en\\\/#website\",\"url\":\"https:\\\/\\\/rs.andersen.com\\\/en\\\/\",\"name\":\"Andersen Serbia\",\"description\":\"\u010clan Andersen Global Grupe\",\"publisher\":{\"@id\":\"https:\\\/\\\/rs.andersen.com\\\/en\\\/#organization\"},\"potentialAction\":[{\"@type\":\"SearchAction\",\"target\":{\"@type\":\"EntryPoint\",\"urlTemplate\":\"https:\\\/\\\/rs.andersen.com\\\/en\\\/?s={search_term_string}\"},\"query-input\":{\"@type\":\"PropertyValueSpecification\",\"valueRequired\":true,\"valueName\":\"search_term_string\"}}],\"inLanguage\":\"en-US\"},{\"@type\":\"Organization\",\"@id\":\"https:\\\/\\\/rs.andersen.com\\\/en\\\/#organization\",\"name\":\"Andersen Advisory, Ltd.\",\"url\":\"https:\\\/\\\/rs.andersen.com\\\/en\\\/\",\"logo\":{\"@type\":\"ImageObject\",\"inLanguage\":\"en-US\",\"@id\":\"https:\\\/\\\/rs.andersen.com\\\/en\\\/#\\\/schema\\\/logo\\\/image\\\/\",\"url\":\"https:\\\/\\\/rosoft.andersen.spm.systems\\\/wp-content\\\/uploads\\\/2022\\\/05\\\/logo-door.png\",\"contentUrl\":\"https:\\\/\\\/rosoft.andersen.spm.systems\\\/wp-content\\\/uploads\\\/2022\\\/05\\\/logo-door.png\",\"width\":568,\"height\":166,\"caption\":\"Andersen Advisory, Ltd.\"},\"image\":{\"@id\":\"https:\\\/\\\/rs.andersen.com\\\/en\\\/#\\\/schema\\\/logo\\\/image\\\/\"}}]}<\/script>\n<!-- \/ Yoast SEO plugin. -->","yoast_head_json":{"title":"Ale\u0161 Ah\u010dan, PhD &#187; Andersen Serbia","robots":{"index":"index","follow":"follow","max-snippet":"max-snippet:-1","max-image-preview":"max-image-preview:large","max-video-preview":"max-video-preview:-1"},"canonical":"https:\/\/rs.andersen.com\/en\/professionals\/dr-ales-ahcan\/","og_locale":"en_US","og_type":"article","og_title":"Ale\u0161 Ah\u010dan, PhD &#187; Andersen Serbia","og_description":"Ale\u0161 is an expert in the field of finance and transactions. Ale\u0161 is a full professor of quantitative finance and&hellip;","og_url":"https:\/\/rs.andersen.com\/en\/professionals\/dr-ales-ahcan\/","og_site_name":"Andersen Serbia","article_modified_time":"2025-02-24T21:39:07+00:00","og_image":[{"width":556,"height":260,"url":"https:\/\/rs.andersen.com\/wp-content\/uploads\/2022\/07\/andersen_ales_ahcan.jpg","type":"image\/jpeg"}],"twitter_card":"summary_large_image","twitter_misc":{"Est. reading time":"1 minute"},"schema":{"@context":"https:\/\/schema.org","@graph":[{"@type":"WebPage","@id":"https:\/\/rs.andersen.com\/en\/professionals\/dr-ales-ahcan\/","url":"https:\/\/rs.andersen.com\/en\/professionals\/dr-ales-ahcan\/","name":"Ale\u0161 Ah\u010dan, PhD &#187; Andersen Serbia","isPartOf":{"@id":"https:\/\/rs.andersen.com\/en\/#website"},"primaryImageOfPage":{"@id":"https:\/\/rs.andersen.com\/en\/professionals\/dr-ales-ahcan\/#primaryimage"},"image":{"@id":"https:\/\/rs.andersen.com\/en\/professionals\/dr-ales-ahcan\/#primaryimage"},"thumbnailUrl":"https:\/\/rs.andersen.com\/wp-content\/uploads\/2022\/07\/andersen_ales_ahcan.jpg","datePublished":"2022-05-08T14:48:25+00:00","dateModified":"2025-02-24T21:39:07+00:00","breadcrumb":{"@id":"https:\/\/rs.andersen.com\/en\/professionals\/dr-ales-ahcan\/#breadcrumb"},"inLanguage":"en-US","potentialAction":[{"@type":"ReadAction","target":["https:\/\/rs.andersen.com\/en\/professionals\/dr-ales-ahcan\/"]}]},{"@type":"ImageObject","inLanguage":"en-US","@id":"https:\/\/rs.andersen.com\/en\/professionals\/dr-ales-ahcan\/#primaryimage","url":"https:\/\/rs.andersen.com\/wp-content\/uploads\/2022\/07\/andersen_ales_ahcan.jpg","contentUrl":"https:\/\/rs.andersen.com\/wp-content\/uploads\/2022\/07\/andersen_ales_ahcan.jpg","width":556,"height":260},{"@type":"BreadcrumbList","@id":"https:\/\/rs.andersen.com\/en\/professionals\/dr-ales-ahcan\/#breadcrumb","itemListElement":[{"@type":"ListItem","position":1,"name":"Home","item":"https:\/\/rs.andersen.com\/en\/"},{"@type":"ListItem","position":2,"name":"Professionals","item":"https:\/\/rs.andersen.com\/en\/professionals\/"},{"@type":"ListItem","position":3,"name":"Ale\u0161 Ah\u010dan, PhD"}]},{"@type":"WebSite","@id":"https:\/\/rs.andersen.com\/en\/#website","url":"https:\/\/rs.andersen.com\/en\/","name":"Andersen Serbia","description":"\u010clan Andersen Global Grupe","publisher":{"@id":"https:\/\/rs.andersen.com\/en\/#organization"},"potentialAction":[{"@type":"SearchAction","target":{"@type":"EntryPoint","urlTemplate":"https:\/\/rs.andersen.com\/en\/?s={search_term_string}"},"query-input":{"@type":"PropertyValueSpecification","valueRequired":true,"valueName":"search_term_string"}}],"inLanguage":"en-US"},{"@type":"Organization","@id":"https:\/\/rs.andersen.com\/en\/#organization","name":"Andersen Advisory, Ltd.","url":"https:\/\/rs.andersen.com\/en\/","logo":{"@type":"ImageObject","inLanguage":"en-US","@id":"https:\/\/rs.andersen.com\/en\/#\/schema\/logo\/image\/","url":"https:\/\/rosoft.andersen.spm.systems\/wp-content\/uploads\/2022\/05\/logo-door.png","contentUrl":"https:\/\/rosoft.andersen.spm.systems\/wp-content\/uploads\/2022\/05\/logo-door.png","width":568,"height":166,"caption":"Andersen Advisory, Ltd."},"image":{"@id":"https:\/\/rs.andersen.com\/en\/#\/schema\/logo\/image\/"}}]}},"_links":{"self":[{"href":"https:\/\/rs.andersen.com\/en\/wp-json\/wp\/v2\/pages\/287","targetHints":{"allow":["GET"]}}],"collection":[{"href":"https:\/\/rs.andersen.com\/en\/wp-json\/wp\/v2\/pages"}],"about":[{"href":"https:\/\/rs.andersen.com\/en\/wp-json\/wp\/v2\/types\/page"}],"author":[{"embeddable":true,"href":"https:\/\/rs.andersen.com\/en\/wp-json\/wp\/v2\/users\/1"}],"replies":[{"embeddable":true,"href":"https:\/\/rs.andersen.com\/en\/wp-json\/wp\/v2\/comments?post=287"}],"version-history":[{"count":3,"href":"https:\/\/rs.andersen.com\/en\/wp-json\/wp\/v2\/pages\/287\/revisions"}],"predecessor-version":[{"id":2052,"href":"https:\/\/rs.andersen.com\/en\/wp-json\/wp\/v2\/pages\/287\/revisions\/2052"}],"up":[{"embeddable":true,"href":"https:\/\/rs.andersen.com\/en\/wp-json\/wp\/v2\/pages\/256"}],"wp:featuredmedia":[{"embeddable":true,"href":"https:\/\/rs.andersen.com\/en\/wp-json\/wp\/v2\/media\/628"}],"wp:attachment":[{"href":"https:\/\/rs.andersen.com\/en\/wp-json\/wp\/v2\/media?parent=287"}],"curies":[{"name":"wp","href":"https:\/\/api.w.org\/{rel}","templated":true}]}}